{"id":935,"date":"2026-02-07T17:42:23","date_gmt":"2026-02-07T16:42:23","guid":{"rendered":"https:\/\/lareinachachapoyas.com\/?post_type=product&#038;p=935"},"modified":"2026-03-10T17:51:33","modified_gmt":"2026-03-10T22:51:33","slug":"licor-de-sauco","status":"publish","type":"product","link":"https:\/\/lareinachachapoyas.com\/tienda\/producto\/licor-de-sauco\/","title":{"rendered":"Licor de S\u00e1uco"},"content":{"rendered":"","protected":false},"excerpt":{"rendered":"<p>Ingredientes: destilado de jugo de ca\u00f1a, sauco fresco y az\u00facar refinada<\/p>\n<p>Esta bebida no contiene preservantes, colorantes, ni saborizantes<\/p>\n<p>Se sugiere tomar a las rocas o bien helado<\/p>\n<p>Botella de 750ml<br \/>\n20% VOL<\/p>\n","protected":false},"featured_media":936,"comment_status":"open","ping_status":"closed","template":"","meta":[],"product_brand":[],"product_cat":[134],"product_tag":[],"class_list":{"0":"post-935","1":"product","2":"type-product","3":"status-publish","4":"has-post-thumbnail","6":"product_cat-licores-clasicos","8":"first","9":"instock","10":"taxable","11":"shipping-taxable","12":"purchasable","13":"product-type-simple"},"_links":{"self":[{"href":"https:\/\/lareinachachapoyas.com\/tienda\/wp-json\/wp\/v2\/product\/935","targetHints":{"allow":["GET"]}}],"collection":[{"href":"https:\/\/lareinachachapoyas.com\/tienda\/wp-json\/wp\/v2\/product"}],"about":[{"href":"https:\/\/lareinachachapoyas.com\/tienda\/wp-json\/wp\/v2\/types\/product"}],"replies":[{"embeddable":true,"href":"https:\/\/lareinachachapoyas.com\/tienda\/wp-json\/wp\/v2\/comments?post=935"}],"wp:featuredmedia":[{"embeddable":true,"href":"https:\/\/lareinachachapoyas.com\/tienda\/wp-json\/wp\/v2\/media\/936"}],"wp:attachment":[{"href":"https:\/\/lareinachachapoyas.com\/tienda\/wp-json\/wp\/v2\/media?parent=935"}],"wp:term":[{"taxonomy":"product_brand","embeddable":true,"href":"https:\/\/lareinachachapoyas.com\/tienda\/wp-json\/wp\/v2\/product_brand?post=935"},{"taxonomy":"product_cat","embeddable":true,"href":"https:\/\/lareinachachapoyas.com\/tienda\/wp-json\/wp\/v2\/product_cat?post=935"},{"taxonomy":"product_tag","embeddable":true,"href":"https:\/\/lareinachachapoyas.com\/tienda\/wp-json\/wp\/v2\/product_tag?post=935"}],"curies":[{"name":"wp","href":"https:\/\/api.w.org\/{rel}","templated":true}]}}