{"id":937,"date":"2026-02-07T17:43:03","date_gmt":"2026-02-07T16:43:03","guid":{"rendered":"https:\/\/lareinachachapoyas.com\/?post_type=product&#038;p=937"},"modified":"2026-03-10T17:50:39","modified_gmt":"2026-03-10T22:50:39","slug":"licor-de-maracuya","status":"publish","type":"product","link":"https:\/\/lareinachachapoyas.com\/tienda\/producto\/licor-de-maracuya\/","title":{"rendered":"Licor de Maracuy\u00e1"},"content":{"rendered":"","protected":false},"excerpt":{"rendered":"<p>Ingredientes: destilado de jugo de ca\u00f1a, maracuy\u00e1 fresco y az\u00facar refinada<\/p>\n<p>Esta bebida no contiene preservantes, colorantes, ni saborizantes<\/p>\n<p>Se sugiere tomar a las rocas o bien helado<\/p>\n<p>Botella de 750ml<br \/>\n21% VOL<\/p>\n","protected":false},"featured_media":938,"comment_status":"open","ping_status":"closed","template":"","meta":[],"product_brand":[],"product_cat":[134],"product_tag":[],"class_list":{"0":"post-937","1":"product","2":"type-product","3":"status-publish","4":"has-post-thumbnail","6":"product_cat-licores-clasicos","8":"first","9":"instock","10":"taxable","11":"shipping-taxable","12":"purchasable","13":"product-type-simple"},"_links":{"self":[{"href":"https:\/\/lareinachachapoyas.com\/tienda\/wp-json\/wp\/v2\/product\/937","targetHints":{"allow":["GET"]}}],"collection":[{"href":"https:\/\/lareinachachapoyas.com\/tienda\/wp-json\/wp\/v2\/product"}],"about":[{"href":"https:\/\/lareinachachapoyas.com\/tienda\/wp-json\/wp\/v2\/types\/product"}],"replies":[{"embeddable":true,"href":"https:\/\/lareinachachapoyas.com\/tienda\/wp-json\/wp\/v2\/comments?post=937"}],"wp:featuredmedia":[{"embeddable":true,"href":"https:\/\/lareinachachapoyas.com\/tienda\/wp-json\/wp\/v2\/media\/938"}],"wp:attachment":[{"href":"https:\/\/lareinachachapoyas.com\/tienda\/wp-json\/wp\/v2\/media?parent=937"}],"wp:term":[{"taxonomy":"product_brand","embeddable":true,"href":"https:\/\/lareinachachapoyas.com\/tienda\/wp-json\/wp\/v2\/product_brand?post=937"},{"taxonomy":"product_cat","embeddable":true,"href":"https:\/\/lareinachachapoyas.com\/tienda\/wp-json\/wp\/v2\/product_cat?post=937"},{"taxonomy":"product_tag","embeddable":true,"href":"https:\/\/lareinachachapoyas.com\/tienda\/wp-json\/wp\/v2\/product_tag?post=937"}],"curies":[{"name":"wp","href":"https:\/\/api.w.org\/{rel}","templated":true}]}}